{"id":2,"date":"2022-12-15T04:01:47","date_gmt":"2022-12-15T04:01:47","guid":{"rendered":"https:\/\/lonastrevi.com\/?page_id=2"},"modified":"2022-12-22T03:08:21","modified_gmt":"2022-12-22T03:08:21","slug":"inicio","status":"publish","type":"page","link":"https:\/\/lonastrevi.com\/","title":{"rendered":"Inicio"},"content":{"rendered":"<div id='full_slider_1'  class='avia-fullwidth-slider main_color avia-shadow   avia-builder-el-0  el_before_av_section  avia-builder-el-first   container_wrap fullsize'  ><div  class='avia-slideshow av-lbvrq1my-82dc8f72e059fd3579c8629f77741459 avia-slideshow-featured_large av_slideshow_full avia-fade-slider av-slideshow-ui av-control-minimal av-control-minimal-dark av-no-slider-navigation av-slideshow-autoplay av-loop-endless av-loop-manual-endless av-default-height-applied   avia-slideshow-1' data-slideshow-options=\"{&quot;animation&quot;:&quot;fade&quot;,&quot;autoplay&quot;:true,&quot;loop_autoplay&quot;:&quot;endless&quot;,&quot;interval&quot;:5,&quot;loop_manual&quot;:&quot;manual-endless&quot;,&quot;autoplay_stopper&quot;:false,&quot;noNavigation&quot;:false,&quot;bg_slider&quot;:false,&quot;keep_padding&quot;:false,&quot;hoverpause&quot;:false,&quot;show_slide_delay&quot;:0}\"  itemprop=\"image\" itemscope=\"itemscope\" itemtype=\"https:\/\/schema.org\/ImageObject\" ><ul class='avia-slideshow-inner ' style='padding-bottom: 33.333333333333%;'><li  class='avia-slideshow-slide av-lbvrq1my-82dc8f72e059fd3579c8629f77741459__0  slide-1 slide-odd'><div data-rel='slideshow-1' class='avia-slide-wrap '   ><img decoding=\"async\" class=\"wp-image-15 avia-img-lazy-loading-not-15\"  src=\"https:\/\/lonastrevi.com\/wp-content\/uploads\/2022\/12\/banner02-1500x500.jpg\" width=\"1500\" height=\"500\" title='banner02' alt=''  itemprop=\"thumbnailUrl\"   \/><\/div><\/li><li  class='avia-slideshow-slide av-lbvrq1my-82dc8f72e059fd3579c8629f77741459__1  slide-2 slide-even'><div data-rel='slideshow-1' class='avia-slide-wrap '   ><img decoding=\"async\" class=\"wp-image-16 avia-img-lazy-loading-not-16\"  src=\"https:\/\/lonastrevi.com\/wp-content\/uploads\/2022\/12\/banner03-1500x500.jpg\" width=\"1500\" height=\"500\" title='banner03' alt=''  itemprop=\"thumbnailUrl\"   \/><\/div><\/li><li  class='avia-slideshow-slide av-lbvrq1my-82dc8f72e059fd3579c8629f77741459__2  slide-3 slide-odd'><div data-rel='slideshow-1' class='avia-slide-wrap '   ><img decoding=\"async\" class=\"wp-image-17 avia-img-lazy-loading-not-17\"  src=\"https:\/\/lonastrevi.com\/wp-content\/uploads\/2022\/12\/banner06-1500x500.jpg\" width=\"1500\" height=\"500\" title='banner06' alt=''  itemprop=\"thumbnailUrl\"   \/><\/div><\/li><li  class='avia-slideshow-slide av-lbvrq1my-82dc8f72e059fd3579c8629f77741459__3  slide-4 slide-even'><div data-rel='slideshow-1' class='avia-slide-wrap '   ><img decoding=\"async\" class=\"wp-image-18 avia-img-lazy-loading-not-18\"  src=\"https:\/\/lonastrevi.com\/wp-content\/uploads\/2022\/12\/banner05-1500x500.jpg\" width=\"1500\" height=\"500\" title='banner05' alt=''  itemprop=\"thumbnailUrl\"   \/><\/div><\/li><\/ul><div class='avia-slideshow-arrows avia-slideshow-controls' ><a href='#prev' class='prev-slide ' aria-hidden='true' data-av_icon='\ue87c' data-av_iconfont='entypo-fontello'  tabindex='-1'>Anterior<\/a><a href='#next' class='next-slide ' aria-hidden='true' data-av_icon='\ue87d' data-av_iconfont='entypo-fontello'  tabindex='-1'>Posterior<\/a><\/div><\/div><\/div>\n<div id='av_section_1'  class='avia-section av-olj8-e8b4ff07a9ece492d5fd030341d45a8d main_color avia-section-default avia-no-border-styling  avia-builder-el-1  el_after_av_slideshow_full  el_before_av_partner  avia-bg-style-scroll container_wrap fullsize'  ><div class='container av-section-cont-open' ><div class='template-page content  av-content-full alpha units'><div class='post-entry post-entry-type-page post-entry-2'><div class='entry-content-wrapper clearfix'>\n<div class='flex_column_table av-lbvrsjva-e2d8ff1b0a2b85280ac4596fb7df07ef sc-av_one_fourth av-equal-height-column-flextable'><div class='flex_column av-lbvrsjva-e2d8ff1b0a2b85280ac4596fb7df07ef av_one_fourth  avia-builder-el-2  el_before_av_one_fourth  avia-builder-el-first  first flex_column_table_cell av-equal-height-column av-align-top '     ><p>\n<style type=\"text\/css\" data-created_by=\"avia_inline_auto\" id=\"style-css-av-lbvrrchy-6d09ee769db881e7a94d834b2846ab65\">\n.avia-image-container.av-lbvrrchy-6d09ee769db881e7a94d834b2846ab65 img.avia_image{\nbox-shadow:none;\n}\n.avia-image-container.av-lbvrrchy-6d09ee769db881e7a94d834b2846ab65 .av-image-caption-overlay-center{\ncolor:#ffffff;\n}\n<\/style>\n<div  class='avia-image-container av-lbvrrchy-6d09ee769db881e7a94d834b2846ab65 av-styling-no-styling avia-align-center  avia-builder-el-3  el_before_av_heading  avia-builder-el-first '   itemprop=\"image\" itemscope=\"itemscope\" itemtype=\"https:\/\/schema.org\/ImageObject\" ><div class=\"avia-image-container-inner\"><div class=\"avia-image-overlay-wrap\"><img decoding=\"async\" class='wp-image-20 avia-img-lazy-loading-not-20 avia_image ' src=\"https:\/\/lonastrevi.com\/wp-content\/uploads\/2022\/12\/toldos_renta_venta_servicios_inicio.jpg\" alt='' title='toldos_renta_venta_servicios_inicio'  height=\"158\" width=\"253\"  itemprop=\"thumbnailUrl\"  \/><\/div><\/div><\/div><br \/>\n\n<style type=\"text\/css\" data-created_by=\"avia_inline_auto\" id=\"style-css-av-lbvrql4n-a57c43d5736cb22e2ee82e5e908d7375\">\n#top .av-special-heading.av-lbvrql4n-a57c43d5736cb22e2ee82e5e908d7375{\npadding-bottom:10px;\n}\nbody .av-special-heading.av-lbvrql4n-a57c43d5736cb22e2ee82e5e908d7375 .av-special-heading-tag .heading-char{\nfont-size:25px;\n}\n.av-special-heading.av-lbvrql4n-a57c43d5736cb22e2ee82e5e908d7375 .av-subheading{\nfont-size:15px;\n}\n<\/style>\n<div  class='av-special-heading av-lbvrql4n-a57c43d5736cb22e2ee82e5e908d7375 av-special-heading-h3 blockquote modern-quote modern-centered  avia-builder-el-4  el_after_av_image  el_before_av_textblock  av-linked-heading'><h3 class='av-special-heading-tag'  itemprop=\"headline\"  ><a class=\"av-heading-link\" href=\"https:\/\/lonastrevi.com\/\">Toldos renta y venta<\/a><\/h3><div class=\"special-heading-border\"><div class=\"special-heading-inner-border\"><\/div><\/div><\/div><br \/>\n<section  class='av_textblock_section av-lbvrrjpb-174505898d779c20fc9e847c5fab2021'  itemscope=\"itemscope\" itemtype=\"https:\/\/schema.org\/CreativeWork\" ><div class='avia_textblock'  itemprop=\"text\" ><p style=\"text-align: center;\">Tenemos m\u00e1s de 400 toldos disponibles en distintas medidas, colores y dise\u00f1os; as\u00ed como una amplia gama de accesorios que pueden ayudar a que tu evento luzca como lo imaginaste.<\/p>\n<\/div><\/section><\/p><\/div><div class='av-flex-placeholder'><\/div><div class='flex_column av-26ko-b015814904abdb549c3763fe3350962f av_one_fourth  avia-builder-el-6  el_after_av_one_fourth  el_before_av_one_fourth  flex_column_table_cell av-equal-height-column av-align-top '     ><p>\n<style type=\"text\/css\" data-created_by=\"avia_inline_auto\" id=\"style-css-av-lbvrt61e-0964abe7ffbd1c5f35e6d869642b99fc\">\n.avia-image-container.av-lbvrt61e-0964abe7ffbd1c5f35e6d869642b99fc img.avia_image{\nbox-shadow:none;\n}\n.avia-image-container.av-lbvrt61e-0964abe7ffbd1c5f35e6d869642b99fc .av-image-caption-overlay-center{\ncolor:#ffffff;\n}\n<\/style>\n<div  class='avia-image-container av-lbvrt61e-0964abe7ffbd1c5f35e6d869642b99fc av-styling-no-styling avia-align-center  avia-builder-el-7  el_before_av_heading  avia-builder-el-first '   itemprop=\"image\" itemscope=\"itemscope\" itemtype=\"https:\/\/schema.org\/ImageObject\" ><div class=\"avia-image-container-inner\"><div class=\"avia-image-overlay-wrap\"><img decoding=\"async\" class='wp-image-21 avia-img-lazy-loading-not-21 avia_image ' src=\"https:\/\/lonastrevi.com\/wp-content\/uploads\/2022\/12\/mallasombras_servicios_inicio.jpg\" alt='' title='mallasombras_servicios_inicio'  height=\"158\" width=\"253\"  itemprop=\"thumbnailUrl\"  \/><\/div><\/div><\/div><br \/>\n\n<style type=\"text\/css\" data-created_by=\"avia_inline_auto\" id=\"style-css-av-kiea-d7693cfed81bbe3ca360da9b5953f975\">\n#top .av-special-heading.av-kiea-d7693cfed81bbe3ca360da9b5953f975{\npadding-bottom:10px;\n}\nbody .av-special-heading.av-kiea-d7693cfed81bbe3ca360da9b5953f975 .av-special-heading-tag .heading-char{\nfont-size:25px;\n}\n.av-special-heading.av-kiea-d7693cfed81bbe3ca360da9b5953f975 .av-subheading{\nfont-size:15px;\n}\n<\/style>\n<div  class='av-special-heading av-kiea-d7693cfed81bbe3ca360da9b5953f975 av-special-heading-h3 blockquote modern-quote modern-centered  avia-builder-el-8  el_after_av_image  el_before_av_textblock  av-linked-heading'><h3 class='av-special-heading-tag'  itemprop=\"headline\"  ><a class=\"av-heading-link\" href=\"https:\/\/lonastrevi.com\/\">Mallasombras<\/a><\/h3><div class=\"special-heading-border\"><div class=\"special-heading-inner-border\"><\/div><\/div><\/div><br \/>\n<section  class='av_textblock_section av-hvy0-8f1290227e9f66da248395d45cec5211'  itemscope=\"itemscope\" itemtype=\"https:\/\/schema.org\/CreativeWork\" ><div class='avia_textblock'  itemprop=\"text\" ><p style=\"text-align: center;\">Nuestras mallasombras (sunbrella) ofrecen a nuestros clientes una amplia gama de precios y colores. Existe un porcentaje de luz espec\u00ccfico en cada una de ellas, as\u00ed como una mallasombra ideal para tus necesidades.<\/p>\n<\/div><\/section><\/p><\/div><div class='av-flex-placeholder'><\/div><div class='flex_column av-gg14-4e7e6538ed584789721f335b81547c22 av_one_fourth  avia-builder-el-10  el_after_av_one_fourth  el_before_av_one_fourth  flex_column_table_cell av-equal-height-column av-align-top '     ><p>\n<style type=\"text\/css\" data-created_by=\"avia_inline_auto\" id=\"style-css-av-lbvrth8m-26e55fd2ee859e5d9755635ec99a809f\">\n.avia-image-container.av-lbvrth8m-26e55fd2ee859e5d9755635ec99a809f img.avia_image{\nbox-shadow:none;\n}\n.avia-image-container.av-lbvrth8m-26e55fd2ee859e5d9755635ec99a809f .av-image-caption-overlay-center{\ncolor:#ffffff;\n}\n<\/style>\n<div  class='avia-image-container av-lbvrth8m-26e55fd2ee859e5d9755635ec99a809f av-styling-no-styling avia-align-center  avia-builder-el-11  el_before_av_heading  avia-builder-el-first '   itemprop=\"image\" itemscope=\"itemscope\" itemtype=\"https:\/\/schema.org\/ImageObject\" ><div class=\"avia-image-container-inner\"><div class=\"avia-image-overlay-wrap\"><img decoding=\"async\" class='wp-image-22 avia-img-lazy-loading-not-22 avia_image ' src=\"https:\/\/lonastrevi.com\/wp-content\/uploads\/2022\/12\/toldos_fijos_impermeables_servicios_inicio.jpg\" alt='' title='toldos_fijos_impermeables_servicios_inicio'  height=\"158\" width=\"253\"  itemprop=\"thumbnailUrl\"  \/><\/div><\/div><\/div><br \/>\n\n<style type=\"text\/css\" data-created_by=\"avia_inline_auto\" id=\"style-css-av-df3q-efe7a505c75e24bc85b513184cbb8d2d\">\n#top .av-special-heading.av-df3q-efe7a505c75e24bc85b513184cbb8d2d{\npadding-bottom:10px;\n}\nbody .av-special-heading.av-df3q-efe7a505c75e24bc85b513184cbb8d2d .av-special-heading-tag .heading-char{\nfont-size:25px;\n}\n.av-special-heading.av-df3q-efe7a505c75e24bc85b513184cbb8d2d .av-subheading{\nfont-size:15px;\n}\n<\/style>\n<div  class='av-special-heading av-df3q-efe7a505c75e24bc85b513184cbb8d2d av-special-heading-h3 blockquote modern-quote modern-centered  avia-builder-el-12  el_after_av_image  el_before_av_textblock  av-linked-heading'><h3 class='av-special-heading-tag'  itemprop=\"headline\"  ><a class=\"av-heading-link\" href=\"https:\/\/lonastrevi.com\/\">Fijos e impermeables<\/a><\/h3><div class=\"special-heading-border\"><div class=\"special-heading-inner-border\"><\/div><\/div><\/div><br \/>\n<section  class='av_textblock_section av-bjo8-ef8d80cd33c8b4236b01d6a08ddea4e5'  itemscope=\"itemscope\" itemtype=\"https:\/\/schema.org\/CreativeWork\" ><div class='avia_textblock'  itemprop=\"text\" ><p style=\"text-align: center;\">Proveemos de estructura y lona de acuerdo a las medidas solicitadas, los presupuestos se elaboran sin ning\u00fan compromiso. Hay una gran variedad de dise\u00f1os y colores.<\/p>\n<\/div><\/section><\/p><\/div><div class='av-flex-placeholder'><\/div><div class='flex_column av-386-ffde4a6417c85daf47475d4908ccfb72 av_one_fourth  avia-builder-el-14  el_after_av_one_fourth  avia-builder-el-last  flex_column_table_cell av-equal-height-column av-align-top '     ><p>\n<style type=\"text\/css\" data-created_by=\"avia_inline_auto\" id=\"style-css-av-lbvrtyfz-a30d5d3d76772dbf6e03c4e2c344eed7\">\n.avia-image-container.av-lbvrtyfz-a30d5d3d76772dbf6e03c4e2c344eed7 img.avia_image{\nbox-shadow:none;\n}\n.avia-image-container.av-lbvrtyfz-a30d5d3d76772dbf6e03c4e2c344eed7 .av-image-caption-overlay-center{\ncolor:#ffffff;\n}\n<\/style>\n<div  class='avia-image-container av-lbvrtyfz-a30d5d3d76772dbf6e03c4e2c344eed7 av-styling-no-styling avia-align-center  avia-builder-el-15  el_before_av_heading  avia-builder-el-first '   itemprop=\"image\" itemscope=\"itemscope\" itemtype=\"https:\/\/schema.org\/ImageObject\" ><div class=\"avia-image-container-inner\"><div class=\"avia-image-overlay-wrap\"><img decoding=\"async\" class='wp-image-23 avia-img-lazy-loading-not-23 avia_image ' src=\"https:\/\/lonastrevi.com\/wp-content\/uploads\/2022\/12\/cortinas_servicios_inicio.jpg\" alt='' title='cortinas_servicios_inicio'  height=\"158\" width=\"253\"  itemprop=\"thumbnailUrl\"  \/><\/div><\/div><\/div><br \/>\n\n<style type=\"text\/css\" data-created_by=\"avia_inline_auto\" id=\"style-css-av-6rig-2215e25f984ac498aa2567bd105c1bd8\">\n#top .av-special-heading.av-6rig-2215e25f984ac498aa2567bd105c1bd8{\npadding-bottom:10px;\n}\nbody .av-special-heading.av-6rig-2215e25f984ac498aa2567bd105c1bd8 .av-special-heading-tag .heading-char{\nfont-size:25px;\n}\n.av-special-heading.av-6rig-2215e25f984ac498aa2567bd105c1bd8 .av-subheading{\nfont-size:15px;\n}\n<\/style>\n<div  class='av-special-heading av-6rig-2215e25f984ac498aa2567bd105c1bd8 av-special-heading-h3 blockquote modern-quote modern-centered  avia-builder-el-16  el_after_av_image  el_before_av_textblock  av-linked-heading'><h3 class='av-special-heading-tag'  itemprop=\"headline\"  ><a class=\"av-heading-link\" href=\"https:\/\/lonastrevi.com\/\">Cortinas<\/a><\/h3><div class=\"special-heading-border\"><div class=\"special-heading-inner-border\"><\/div><\/div><\/div><br \/>\n<section  class='av_textblock_section av-5m1e-d0d83e54a9a53d88e86ac8aa96b39b66'  itemscope=\"itemscope\" itemtype=\"https:\/\/schema.org\/CreativeWork\" ><div class='avia_textblock'  itemprop=\"text\" ><p style=\"text-align: center;\">Las cortinas enrollables tipo pared, las cortinas enrollables con ventana recta o tipo catedral, con carrucha o fijas. Presupuestos sin compromiso: si ya tienes la medida o bien podemos visitarlos en su empresa u hogar.<\/p>\n<\/div><\/section><\/p><\/div><\/div><!--close column table wrapper. Autoclose: 1 --><\/div><\/div><\/div><!-- close content main div --><\/div><\/div><div id='after_section_1'  class='main_color av_default_container_wrap container_wrap fullsize'  ><div class='container av-section-cont-open' ><div class='template-page content  av-content-full alpha units'><div class='post-entry post-entry-type-page post-entry-2'><div class='entry-content-wrapper clearfix'><div  class='avia-logo-element-container av-3a68-d88b38b8392820a1c158235c35162c45 av-border-deactivate avia-logo-slider avia-content-slider avia-smallarrow-slider avia-content-slider-active noHover avia-content-slider-odd  avia-builder-el-18  el_after_av_section  avia-builder-el-no-sibling  av-slideshow-ui av-control-minimal av-control-minimal-dark av-no-slider-navigation av-slideshow-autoplay av-loop-endless av-loop-manual-endless avia-content-slider1' data-slideshow-options=\"{&quot;animation&quot;:&quot;slide&quot;,&quot;autoplay&quot;:true,&quot;loop_autoplay&quot;:&quot;endless&quot;,&quot;interval&quot;:5,&quot;loop_manual&quot;:&quot;manual-endless&quot;,&quot;autoplay_stopper&quot;:false,&quot;noNavigation&quot;:false,&quot;bg_slider&quot;:false,&quot;keep_padding&quot;:&quot;&quot;,&quot;hoverpause&quot;:false,&quot;show_slide_delay&quot;:0}\"><div class='avia-smallarrow-slider-heading '><div class='new-special-heading'><h3 class='av-logo-special-heading-text '>Algunos de Nuestros Clientes<\/h3><\/div><div class='avia-slideshow-arrows avia-slideshow-controls' ><a href='#prev' class='prev-slide ' aria-hidden='true' data-av_icon='\ue87c' data-av_iconfont='entypo-fontello'  tabindex='-1'>Anterior<\/a><a href='#next' class='next-slide ' aria-hidden='true' data-av_icon='\ue87d' data-av_iconfont='entypo-fontello'  tabindex='-1'>Posterior<\/a><\/div><\/div><div class=\"avia-content-slider-inner\"><div class=\"slide-entry-wrap\"><div  class='slide-entry av-18htc-5599386b4d4de05033e07cad1df7643a flex_column no_margin av_one_fifth real-thumbnail post-entry slide-entry-overview slide-loop-1 slide-parity-odd  first'><span class='av-partner-fake-img' style='padding-bottom:36%; background-image:url(https:\/\/lonastrevi.com\/wp-content\/uploads\/2022\/12\/20.jpg);'><\/span><\/div><div  class='slide-entry av-163z2-a120d44917dd35d369ed8e4422718f2c flex_column no_margin av_one_fifth real-thumbnail post-entry slide-entry-overview slide-loop-2 slide-parity-even  '><span class='av-partner-fake-img' style='padding-bottom:36%; background-image:url(https:\/\/lonastrevi.com\/wp-content\/uploads\/2022\/12\/19.jpg);'><\/span><\/div><div  class='slide-entry av-131h0-71b5dda8e2125e3e4f5703f9b0b9fafc flex_column no_margin av_one_fifth real-thumbnail post-entry slide-entry-overview slide-loop-3 slide-parity-odd  '><span class='av-partner-fake-img' style='padding-bottom:36%; background-image:url(https:\/\/lonastrevi.com\/wp-content\/uploads\/2022\/12\/18.jpg);'><\/span><\/div><div  class='slide-entry av-124mi-7fd285d6bcee431c283db0d8244af85a flex_column no_margin av_one_fifth real-thumbnail post-entry slide-entry-overview slide-loop-4 slide-parity-even  '><span class='av-partner-fake-img' style='padding-bottom:36%; background-image:url(https:\/\/lonastrevi.com\/wp-content\/uploads\/2022\/12\/17.jpg);'><\/span><\/div><div  class='slide-entry av-zjbm-7aba4399b9d8cf418c14188ca9fc09bc flex_column no_margin av_one_fifth real-thumbnail post-entry slide-entry-overview slide-loop-5 slide-parity-odd  '><span class='av-partner-fake-img' style='padding-bottom:36%; background-image:url(https:\/\/lonastrevi.com\/wp-content\/uploads\/2022\/12\/16.jpg);'><\/span><\/div><\/div><div class=\"slide-entry-wrap\"><div  class='slide-entry av-x1mg-5944e9f363e5ec008a4471a45c4a4f4b flex_column no_margin av_one_fifth real-thumbnail post-entry slide-entry-overview slide-loop-6 slide-parity-odd  first'><span class='av-partner-fake-img' style='padding-bottom:36%; background-image:url(https:\/\/lonastrevi.com\/wp-content\/uploads\/2022\/12\/15.jpg);'><\/span><\/div><div  class='slide-entry av-uhws-e241d0c122b49eafff75dbbfb5d0f18f flex_column no_margin av_one_fifth real-thumbnail post-entry slide-entry-overview slide-loop-7 slide-parity-even  '><span class='av-partner-fake-img' style='padding-bottom:36%; background-image:url(https:\/\/lonastrevi.com\/wp-content\/uploads\/2022\/12\/14.jpg);'><\/span><\/div><div  class='slide-entry av-thds-b4784426c60bef827286a7fa4b7aff7e flex_column no_margin av_one_fifth real-thumbnail post-entry slide-entry-overview slide-loop-8 slide-parity-odd  '><span class='av-partner-fake-img' style='padding-bottom:36%; background-image:url(https:\/\/lonastrevi.com\/wp-content\/uploads\/2022\/12\/13.jpg);'><\/span><\/div><div  class='slide-entry av-rqli-ba57d0f7b0c4c590cb22569dced1fc84 flex_column no_margin av_one_fifth real-thumbnail post-entry slide-entry-overview slide-loop-9 slide-parity-even  '><span class='av-partner-fake-img' style='padding-bottom:36%; background-image:url(https:\/\/lonastrevi.com\/wp-content\/uploads\/2022\/12\/12.jpg);'><\/span><\/div><div  class='slide-entry av-pn0o-f6111a61cd11291af412855036dffd7f flex_column no_margin av_one_fifth real-thumbnail post-entry slide-entry-overview slide-loop-10 slide-parity-odd  '><span class='av-partner-fake-img' style='padding-bottom:36%; background-image:url(https:\/\/lonastrevi.com\/wp-content\/uploads\/2022\/12\/11.jpg);'><\/span><\/div><\/div><div class=\"slide-entry-wrap\"><div  class='slide-entry av-lzr4-b555a88d36050160a5e0496d374c65f4 flex_column no_margin av_one_fifth real-thumbnail post-entry slide-entry-overview slide-loop-11 slide-parity-odd  first'><span class='av-partner-fake-img' style='padding-bottom:36%; background-image:url(https:\/\/lonastrevi.com\/wp-content\/uploads\/2022\/12\/10.jpg);'><\/span><\/div><div  class='slide-entry av-kqro-3f72f1121f56cbe9467e44ee1c377cb2 flex_column no_margin av_one_fifth real-thumbnail post-entry slide-entry-overview slide-loop-12 slide-parity-even  '><span class='av-partner-fake-img' style='padding-bottom:36%; background-image:url(https:\/\/lonastrevi.com\/wp-content\/uploads\/2022\/12\/09.jpg);'><\/span><\/div><div  class='slide-entry av-imkm-82cfe5c186e52bf5f1ee043aafba4edb flex_column no_margin av_one_fifth real-thumbnail post-entry slide-entry-overview slide-loop-13 slide-parity-odd  '><span class='av-partner-fake-img' style='padding-bottom:36%; background-image:url(https:\/\/lonastrevi.com\/wp-content\/uploads\/2022\/12\/08.jpg);'><\/span><\/div><div  class='slide-entry av-g2l8-c9b7782e9194577dec81cf7b43202a5c flex_column no_margin av_one_fifth real-thumbnail post-entry slide-entry-overview slide-loop-14 slide-parity-even  '><span class='av-partner-fake-img' style='padding-bottom:36%; background-image:url(https:\/\/lonastrevi.com\/wp-content\/uploads\/2022\/12\/07.jpg);'><\/span><\/div><div  class='slide-entry av-ek8a-d8eb4173b0b30f3b98d136e481975ace flex_column no_margin av_one_fifth real-thumbnail post-entry slide-entry-overview slide-loop-15 slide-parity-odd  '><span class='av-partner-fake-img' style='padding-bottom:36%; background-image:url(https:\/\/lonastrevi.com\/wp-content\/uploads\/2022\/12\/06.jpg);'><\/span><\/div><\/div><div class=\"slide-entry-wrap\"><div  class='slide-entry av-cqrm-5b72d9b94966725ac3f98b8e062d178a flex_column no_margin av_one_fifth real-thumbnail post-entry slide-entry-overview slide-loop-16 slide-parity-odd  first'><span class='av-partner-fake-img' style='padding-bottom:36%; background-image:url(https:\/\/lonastrevi.com\/wp-content\/uploads\/2022\/12\/05.jpg);'><\/span><\/div><div  class='slide-entry av-9neq-6804818dbe0a959ad284825075776e4d flex_column no_margin av_one_fifth real-thumbnail post-entry slide-entry-overview slide-loop-17 slide-parity-even  '><span class='av-partner-fake-img' style='padding-bottom:36%; background-image:url(https:\/\/lonastrevi.com\/wp-content\/uploads\/2022\/12\/04.jpg);'><\/span><\/div><div  class='slide-entry av-7kim-bc6a159399a2932b988ad883290a6bc1 flex_column no_margin av_one_fifth real-thumbnail post-entry slide-entry-overview slide-loop-18 slide-parity-odd  '><span class='av-partner-fake-img' style='padding-bottom:36%; background-image:url(https:\/\/lonastrevi.com\/wp-content\/uploads\/2022\/12\/03.jpg);'><\/span><\/div><div  class='slide-entry av-4iic-6e51ece78a0697b32586301ba29a50aa flex_column no_margin av_one_fifth real-thumbnail post-entry slide-entry-overview slide-loop-19 slide-parity-even  '><span class='av-partner-fake-img' style='padding-bottom:36%; background-image:url(https:\/\/lonastrevi.com\/wp-content\/uploads\/2022\/12\/02.jpg);'><\/span><\/div><div  class='slide-entry av-2gc2-7b0940d4979658811625bebdf18cd71f flex_column no_margin av_one_fifth real-thumbnail post-entry slide-entry-overview slide-loop-20 slide-parity-odd post-entry-last '><span class='av-partner-fake-img' style='padding-bottom:36%; background-image:url(https:\/\/lonastrevi.com\/wp-content\/uploads\/2022\/12\/01.jpg);'><\/span><\/div><\/div><\/div><\/div><\/p>\n","protected":false},"excerpt":{"rendered":"","protected":false},"author":1,"featured_media":0,"parent":0,"menu_order":0,"comment_status":"closed","ping_status":"closed","template":"","meta":{"footnotes":""},"class_list":["post-2","page","type-page","status-publish","hentry"],"_links":{"self":[{"href":"https:\/\/lonastrevi.com\/index.php?rest_route=\/wp\/v2\/pages\/2","targetHints":{"allow":["GET"]}}],"collection":[{"href":"https:\/\/lonastrevi.com\/index.php?rest_route=\/wp\/v2\/pages"}],"about":[{"href":"https:\/\/lonastrevi.com\/index.php?rest_route=\/wp\/v2\/types\/page"}],"author":[{"embeddable":true,"href":"https:\/\/lonastrevi.com\/index.php?rest_route=\/wp\/v2\/users\/1"}],"replies":[{"embeddable":true,"href":"https:\/\/lonastrevi.com\/index.php?rest_route=%2Fwp%2Fv2%2Fcomments&post=2"}],"version-history":[{"count":8,"href":"https:\/\/lonastrevi.com\/index.php?rest_route=\/wp\/v2\/pages\/2\/revisions"}],"predecessor-version":[{"id":65,"href":"https:\/\/lonastrevi.com\/index.php?rest_route=\/wp\/v2\/pages\/2\/revisions\/65"}],"wp:attachment":[{"href":"https:\/\/lonastrevi.com\/index.php?rest_route=%2Fwp%2Fv2%2Fmedia&parent=2"}],"curies":[{"name":"wp","href":"https:\/\/api.w.org\/{rel}","templated":true}]}}